{"id":95,"date":"2025-02-13T18:57:58","date_gmt":"2025-02-13T18:57:58","guid":{"rendered":"https:\/\/knutssonsskafferi.se\/?page_id=95"},"modified":"2026-01-19T17:29:01","modified_gmt":"2026-01-19T17:29:01","slug":"elementor-95","status":"publish","type":"page","link":"https:\/\/knutssonsskafferi.se\/index.php\/elementor-95\/","title":{"rendered":""},"content":{"rendered":"\t\t<div data-elementor-type=\"wp-page\" data-elementor-id=\"95\" class=\"elementor elementor-95\">\n\t\t\t\t<div class=\"elementor-element elementor-element-380b1bf1 e-con-full e-flex e-con e-parent\" data-id=\"380b1bf1\" data-element_type=\"container\" data-e-type=\"container\" data-settings=\"{&quot;background_background&quot;:&quot;classic&quot;}\">\n\t\t<div class=\"elementor-element elementor-element-4839bf34 e-con-full e-flex e-con e-child\" data-id=\"4839bf34\" data-element_type=\"container\" data-e-type=\"container\">\n\t\t\t\t<div class=\"elementor-element elementor-element-5661c36c elementor-widget__width-initial elementor-widget elementor-widget-heading\" data-id=\"5661c36c\" data-element_type=\"widget\" data-e-type=\"widget\" data-widget_type=\"heading.default\">\n\t\t\t\t<div class=\"elementor-widget-container\">\n\t\t\t\t\t<h1 class=\"elementor-heading-title elementor-size-default\">KNUTSSONS\u00a0TRANSPORTER\u00a0\n\u00a0ASPER\u00d6<\/h1>\t\t\t\t<\/div>\n\t\t\t\t<\/div>\n\t\t\t\t<div class=\"elementor-element elementor-element-6d1bf713 elementor-widget elementor-widget-text-editor\" data-id=\"6d1bf713\" data-element_type=\"widget\" data-e-type=\"widget\" data-widget_type=\"text-editor.default\">\n\t\t\t\t<div class=\"elementor-widget-container\">\n\t\t\t\t\t\t\t\t\t<p>1 Maj 2025 tog Knutssons \u00f6ver verksamheten som ETW G\u00f6teborg AB tidigare bedrivit p\u00e5 Asper\u00f6. Kontakta g\u00e4rna oss med fr\u00e5gor eller uppdrag p\u00e5 Asper\u00f6.<\/p><p>\u00a0<\/p>\t\t\t\t\t\t\t\t<\/div>\n\t\t\t\t<\/div>\n\t\t\t\t<div class=\"elementor-element elementor-element-5b9dd1f8 elementor-mobile-align-center elementor-widget elementor-widget-button\" data-id=\"5b9dd1f8\" data-element_type=\"widget\" data-e-type=\"widget\" data-widget_type=\"button.default\">\n\t\t\t\t<div class=\"elementor-widget-container\">\n\t\t\t\t\t\t\t\t\t<div class=\"elementor-button-wrapper\">\n\t\t\t\t\t<a class=\"elementor-button elementor-button-link elementor-size-sm\" href=\"https:\/\/knutssonsskafferi.se\/index.php\/kontakt\/\" target=\"_blank\">\n\t\t\t\t\t\t<span class=\"elementor-button-content-wrapper\">\n\t\t\t\t\t\t\t\t\t<span class=\"elementor-button-text\">Kontakta oss<\/span>\n\t\t\t\t\t<\/span>\n\t\t\t\t\t<\/a>\n\t\t\t\t<\/div>\n\t\t\t\t\t\t\t\t<\/div>\n\t\t\t\t<\/div>\n\t\t\t\t<\/div>\n\t\t<div class=\"elementor-element elementor-element-6df0bfd6 e-con-full e-flex e-con e-child\" data-id=\"6df0bfd6\" data-element_type=\"container\" data-e-type=\"container\">\n\t\t\t\t<div class=\"elementor-element elementor-element-2f0f99b8 elementor-absolute elementor-widget-mobile__width-initial elementor-widget elementor-widget-image\" data-id=\"2f0f99b8\" data-element_type=\"widget\" data-e-type=\"widget\" data-settings=\"{&quot;_position&quot;:&quot;absolute&quot;}\" data-widget_type=\"image.default\">\n\t\t\t\t<div class=\"elementor-widget-container\">\n\t\t\t\t\t\t\t\t\t\t\t\t\t\t\t<img fetchpriority=\"high\" decoding=\"async\" width=\"1024\" height=\"768\" src=\"https:\/\/knutssonsskafferi.se\/wp-content\/uploads\/2025\/02\/IMG_9045-1024x768.jpg\" class=\"attachment-large size-large wp-image-227\" alt=\"\" srcset=\"https:\/\/knutssonsskafferi.se\/wp-content\/uploads\/2025\/02\/IMG_9045-1024x768.jpg 1024w, https:\/\/knutssonsskafferi.se\/wp-content\/uploads\/2025\/02\/IMG_9045-300x225.jpg 300w, https:\/\/knutssonsskafferi.se\/wp-content\/uploads\/2025\/02\/IMG_9045-768x576.jpg 768w, https:\/\/knutssonsskafferi.se\/wp-content\/uploads\/2025\/02\/IMG_9045-1536x1152.jpg 1536w, https:\/\/knutssonsskafferi.se\/wp-content\/uploads\/2025\/02\/IMG_9045-2048x1536.jpg 2048w\" sizes=\"(max-width: 1024px) 100vw, 1024px\" \/>\t\t\t\t\t\t\t\t\t\t\t\t\t\t\t<\/div>\n\t\t\t\t<\/div>\n\t\t\t\t<\/div>\n\t\t\t\t<\/div>\n\t\t<div class=\"elementor-element elementor-element-0d8e748 e-flex e-con-boxed e-con e-parent\" data-id=\"0d8e748\" data-element_type=\"container\" data-e-type=\"container\">\n\t\t\t\t\t<div class=\"e-con-inner\">\n\t\t\t\t<div class=\"elementor-element elementor-element-c9dab8e elementor-widget elementor-widget-spacer\" data-id=\"c9dab8e\" data-element_type=\"widget\" data-e-type=\"widget\" data-widget_type=\"spacer.default\">\n\t\t\t\t<div class=\"elementor-widget-container\">\n\t\t\t\t\t\t\t<div class=\"elementor-spacer\">\n\t\t\t<div class=\"elementor-spacer-inner\"><\/div>\n\t\t<\/div>\n\t\t\t\t\t\t<\/div>\n\t\t\t\t<\/div>\n\t\t\t\t\t<\/div>\n\t\t\t\t<\/div>\n\t\t<div class=\"elementor-element elementor-element-502df1f e-con-full e-flex e-con e-parent\" data-id=\"502df1f\" data-element_type=\"container\" data-e-type=\"container\" id=\"next\">\n\t\t\t\t<div class=\"elementor-element elementor-element-588a98d0 elementor-widget elementor-widget-heading\" data-id=\"588a98d0\" data-element_type=\"widget\" data-e-type=\"widget\" data-widget_type=\"heading.default\">\n\t\t\t\t<div class=\"elementor-widget-container\">\n\t\t\t\t\t<h3 class=\"elementor-heading-title elementor-size-default\">V\u00e5ra tj\u00e4nster<\/h3>\t\t\t\t<\/div>\n\t\t\t\t<\/div>\n\t\t<div class=\"elementor-element elementor-element-25946325 e-con-full e-flex e-con e-child\" data-id=\"25946325\" data-element_type=\"container\" data-e-type=\"container\">\n\t\t<div class=\"elementor-element elementor-element-294273f7 e-con-full e-flex e-con e-child\" data-id=\"294273f7\" data-element_type=\"container\" data-e-type=\"container\">\n\t\t\t\t<div class=\"elementor-element elementor-element-2ff31636 elementor-position-top elementor-widget elementor-widget-image-box\" data-id=\"2ff31636\" data-element_type=\"widget\" data-e-type=\"widget\" data-widget_type=\"image-box.default\">\n\t\t\t\t<div class=\"elementor-widget-container\">\n\t\t\t\t\t<div class=\"elementor-image-box-wrapper\"><figure class=\"elementor-image-box-img\"><a href=\"#\" tabindex=\"-1\"><img decoding=\"async\" width=\"2103\" height=\"1577\" src=\"https:\/\/knutssonsskafferi.se\/wp-content\/uploads\/2025\/02\/IMG_9044.jpg\" class=\"elementor-animation-grow attachment-full size-full wp-image-228\" alt=\"\" srcset=\"https:\/\/knutssonsskafferi.se\/wp-content\/uploads\/2025\/02\/IMG_9044.jpg 2103w, https:\/\/knutssonsskafferi.se\/wp-content\/uploads\/2025\/02\/IMG_9044-300x225.jpg 300w, https:\/\/knutssonsskafferi.se\/wp-content\/uploads\/2025\/02\/IMG_9044-1024x768.jpg 1024w, https:\/\/knutssonsskafferi.se\/wp-content\/uploads\/2025\/02\/IMG_9044-768x576.jpg 768w, https:\/\/knutssonsskafferi.se\/wp-content\/uploads\/2025\/02\/IMG_9044-1536x1152.jpg 1536w, https:\/\/knutssonsskafferi.se\/wp-content\/uploads\/2025\/02\/IMG_9044-2048x1536.jpg 2048w\" sizes=\"(max-width: 2103px) 100vw, 2103px\" \/><\/a><\/figure><div class=\"elementor-image-box-content\"><h4 class=\"elementor-image-box-title\"><a href=\"#\">Transport<\/a><\/h4><p class=\"elementor-image-box-description\">Transporter p\u00e5 \u00f6n<\/p><\/div><\/div>\t\t\t\t<\/div>\n\t\t\t\t<\/div>\n\t\t\t\t<\/div>\n\t\t<div class=\"elementor-element elementor-element-67732795 e-con-full e-flex e-con e-child\" data-id=\"67732795\" data-element_type=\"container\" data-e-type=\"container\">\n\t\t\t\t<div class=\"elementor-element elementor-element-777c07c2 elementor-position-top elementor-widget elementor-widget-image-box\" data-id=\"777c07c2\" data-element_type=\"widget\" data-e-type=\"widget\" data-widget_type=\"image-box.default\">\n\t\t\t\t<div class=\"elementor-widget-container\">\n\t\t\t\t\t<div class=\"elementor-image-box-wrapper\"><figure class=\"elementor-image-box-img\"><a href=\"#\" tabindex=\"-1\"><img decoding=\"async\" width=\"2560\" height=\"1920\" src=\"https:\/\/knutssonsskafferi.se\/wp-content\/uploads\/2025\/02\/IMG_9043-scaled.jpg\" class=\"elementor-animation-grow attachment-full size-full wp-image-229\" alt=\"\" srcset=\"https:\/\/knutssonsskafferi.se\/wp-content\/uploads\/2025\/02\/IMG_9043-scaled.jpg 2560w, https:\/\/knutssonsskafferi.se\/wp-content\/uploads\/2025\/02\/IMG_9043-300x225.jpg 300w, https:\/\/knutssonsskafferi.se\/wp-content\/uploads\/2025\/02\/IMG_9043-1024x768.jpg 1024w, https:\/\/knutssonsskafferi.se\/wp-content\/uploads\/2025\/02\/IMG_9043-768x576.jpg 768w, https:\/\/knutssonsskafferi.se\/wp-content\/uploads\/2025\/02\/IMG_9043-1536x1152.jpg 1536w, https:\/\/knutssonsskafferi.se\/wp-content\/uploads\/2025\/02\/IMG_9043-2048x1536.jpg 2048w\" sizes=\"(max-width: 2560px) 100vw, 2560px\" \/><\/a><\/figure><div class=\"elementor-image-box-content\"><h4 class=\"elementor-image-box-title\"><a href=\"#\">F\u00f6rs\u00e4ljning<\/a><\/h4><p class=\"elementor-image-box-description\">F\u00f6rs\u00e4ljning av bensin till gr\u00e4sklipparen bland annat<\/p><\/div><\/div>\t\t\t\t<\/div>\n\t\t\t\t<\/div>\n\t\t\t\t<\/div>\n\t\t<div class=\"elementor-element elementor-element-2fa61567 e-con-full e-flex e-con e-child\" data-id=\"2fa61567\" data-element_type=\"container\" data-e-type=\"container\">\n\t\t\t\t<div class=\"elementor-element elementor-element-2ebcf14f elementor-position-top elementor-widget elementor-widget-image-box\" data-id=\"2ebcf14f\" data-element_type=\"widget\" data-e-type=\"widget\" data-widget_type=\"image-box.default\">\n\t\t\t\t<div class=\"elementor-widget-container\">\n\t\t\t\t\t<div class=\"elementor-image-box-wrapper\"><figure class=\"elementor-image-box-img\"><a href=\"#\" tabindex=\"-1\"><img loading=\"lazy\" decoding=\"async\" width=\"2560\" height=\"1920\" src=\"https:\/\/knutssonsskafferi.se\/wp-content\/uploads\/2025\/02\/IMG_2509-3-scaled.jpg\" class=\"elementor-animation-grow attachment-full size-full wp-image-234\" alt=\"\" srcset=\"https:\/\/knutssonsskafferi.se\/wp-content\/uploads\/2025\/02\/IMG_2509-3-scaled.jpg 2560w, https:\/\/knutssonsskafferi.se\/wp-content\/uploads\/2025\/02\/IMG_2509-3-300x225.jpg 300w, https:\/\/knutssonsskafferi.se\/wp-content\/uploads\/2025\/02\/IMG_2509-3-1024x768.jpg 1024w, https:\/\/knutssonsskafferi.se\/wp-content\/uploads\/2025\/02\/IMG_2509-3-768x576.jpg 768w, https:\/\/knutssonsskafferi.se\/wp-content\/uploads\/2025\/02\/IMG_2509-3-1536x1152.jpg 1536w, https:\/\/knutssonsskafferi.se\/wp-content\/uploads\/2025\/02\/IMG_2509-3-2048x1536.jpg 2048w\" sizes=\"(max-width: 2560px) 100vw, 2560px\" \/><\/a><\/figure><div class=\"elementor-image-box-content\"><h4 class=\"elementor-image-box-title\"><a href=\"#\">B\u00e5tupptagning\/<br>sj\u00f6s\u00e4ttning<\/a><\/h4><\/div><\/div>\t\t\t\t<\/div>\n\t\t\t\t<\/div>\n\t\t\t\t<\/div>\n\t\t<div class=\"elementor-element elementor-element-34bc2434 e-con-full e-flex e-con e-child\" data-id=\"34bc2434\" data-element_type=\"container\" data-e-type=\"container\">\n\t\t\t\t<div class=\"elementor-element elementor-element-31f132e0 elementor-position-top elementor-widget elementor-widget-image-box\" data-id=\"31f132e0\" data-element_type=\"widget\" data-e-type=\"widget\" data-widget_type=\"image-box.default\">\n\t\t\t\t<div class=\"elementor-widget-container\">\n\t\t\t\t\t<div class=\"elementor-image-box-wrapper\"><figure class=\"elementor-image-box-img\"><a href=\"#\" tabindex=\"-1\"><img loading=\"lazy\" decoding=\"async\" width=\"2560\" height=\"1920\" src=\"https:\/\/knutssonsskafferi.se\/wp-content\/uploads\/2025\/02\/IMG_9042-scaled.jpg\" class=\"elementor-animation-grow attachment-full size-full wp-image-230\" alt=\"\" srcset=\"https:\/\/knutssonsskafferi.se\/wp-content\/uploads\/2025\/02\/IMG_9042-scaled.jpg 2560w, https:\/\/knutssonsskafferi.se\/wp-content\/uploads\/2025\/02\/IMG_9042-300x225.jpg 300w, https:\/\/knutssonsskafferi.se\/wp-content\/uploads\/2025\/02\/IMG_9042-1024x768.jpg 1024w, https:\/\/knutssonsskafferi.se\/wp-content\/uploads\/2025\/02\/IMG_9042-768x576.jpg 768w, https:\/\/knutssonsskafferi.se\/wp-content\/uploads\/2025\/02\/IMG_9042-1536x1152.jpg 1536w, https:\/\/knutssonsskafferi.se\/wp-content\/uploads\/2025\/02\/IMG_9042-2048x1536.jpg 2048w\" sizes=\"(max-width: 2560px) 100vw, 2560px\" \/><\/a><\/figure><div class=\"elementor-image-box-content\"><h4 class=\"elementor-image-box-title\"><a href=\"#\">Uthyrning<\/a><\/h4><p class=\"elementor-image-box-description\">L\u00e4ttare maskiner och annat f\u00f6r uthyrning<\/p><\/div><\/div>\t\t\t\t<\/div>\n\t\t\t\t<\/div>\n\t\t\t\t<\/div>\n\t\t\t\t<\/div>\n\t\t\t\t<\/div>\n\t\t<div class=\"elementor-element elementor-element-f069d7a e-flex e-con-boxed e-con e-parent\" data-id=\"f069d7a\" data-element_type=\"container\" data-e-type=\"container\">\n\t\t\t\t\t<div class=\"e-con-inner\">\n\t\t\t\t<div class=\"elementor-element elementor-element-2ef58b3 elementor-widget elementor-widget-spacer\" data-id=\"2ef58b3\" data-element_type=\"widget\" data-e-type=\"widget\" data-widget_type=\"spacer.default\">\n\t\t\t\t<div class=\"elementor-widget-container\">\n\t\t\t\t\t\t\t<div class=\"elementor-spacer\">\n\t\t\t<div class=\"elementor-spacer-inner\"><\/div>\n\t\t<\/div>\n\t\t\t\t\t\t<\/div>\n\t\t\t\t<\/div>\n\t\t\t\t\t<\/div>\n\t\t\t\t<\/div>\n\t\t<div class=\"elementor-element elementor-element-df64c13 e-flex e-con-boxed e-con e-parent\" data-id=\"df64c13\" data-element_type=\"container\" data-e-type=\"container\">\n\t\t\t\t\t<div class=\"e-con-inner\">\n\t\t\t\t<div class=\"elementor-element elementor-element-a1ec0ac elementor-widget elementor-widget-text-editor\" data-id=\"a1ec0ac\" data-element_type=\"widget\" data-e-type=\"widget\" data-widget_type=\"text-editor.default\">\n\t\t\t\t<div class=\"elementor-widget-container\">\n\t\t\t\t\t\t\t\t\t<h1><strong>Alla v\u00e5ra tj\u00e4nster<\/strong><\/h1><p>\u00a0<\/p><h3>Vinterv\u00e4gh\u00e5llning<\/h3><h3>\u00a0<\/h3><h3>Posthantering, paket (Postnord)<\/h3><h3>Transport<\/h3><ul><li><p>Transport med traktor 800kr\/h<\/p><\/li><li><p>P\u00e5b\u00f6rjad halvtimme med traktor 400kr<\/p><\/li><li><p>B\u00e5tupptagning\/Is\u00e4ttning<\/p><\/li><li><p>Transport b\u00e5tk\u00e4rra 125kr<\/p><\/li><\/ul><h3>Uthyrning av l\u00e4ttare maskiner<\/h3><ul><li><p>Flismaskin 500kr\/dygn + br\u00e4nsle<\/p><\/li><li><p>Padda<\/p><\/li><li><p>Jordborr<\/p><\/li><\/ul><h3>F\u00f6rs\u00e4ljning<\/h3><ul><li><p>Akylatbensin 2-takt 5 liter 280 kr<\/p><\/li><li><p>Akylatbensin 4-takt 5 liter 280 kr<\/p><\/li><li><p>Makadam 2\/5 (v\u00e4gflis), 0\/16, 8\/16, 1250kr\/kubik inklusive transport<\/p><\/li><li><p>Naturgrus 2100kr\/kubik inklusive transport<\/p><\/li><li><p>5-56 105kr<\/p><\/li><li><p>6-66 135kr<\/p><\/li><li><p>Pulka 150kr<\/p><\/li><li><p>\u00c5klapp 45kr<\/p><\/li><\/ul><h3>\u00a0<\/h3>\t\t\t\t\t\t\t\t<\/div>\n\t\t\t\t<\/div>\n\t\t\t\t\t<\/div>\n\t\t\t\t<\/div>\n\t\t<div class=\"elementor-element elementor-element-8b33306 e-flex e-con-boxed e-con e-parent\" data-id=\"8b33306\" data-element_type=\"container\" data-e-type=\"container\">\n\t\t\t\t\t<div class=\"e-con-inner\">\n\t\t\t\t<div class=\"elementor-element elementor-element-1917d00 elementor-widget elementor-widget-text-editor\" data-id=\"1917d00\" data-element_type=\"widget\" data-e-type=\"widget\" data-widget_type=\"text-editor.default\">\n\t\t\t\t<div class=\"elementor-widget-container\">\n\t\t\t\t\t\t\t\t\t<p>Beh\u00f6ver du boka eller har du fr\u00e5gor? Kontakta oss genom att maila till info@knutssonsskafferi.se eller h\u00f6r av dig p\u00e5 telefonnummer 0760 23 47 10<\/p>\t\t\t\t\t\t\t\t<\/div>\n\t\t\t\t<\/div>\n\t\t\t\t\t<\/div>\n\t\t\t\t<\/div>\n\t\t<div class=\"elementor-element elementor-element-c13b0f7 e-flex e-con-boxed e-con e-parent\" data-id=\"c13b0f7\" data-element_type=\"container\" data-e-type=\"container\">\n\t\t\t\t\t<div class=\"e-con-inner\">\n\t\t\t\t\t<\/div>\n\t\t\t\t<\/div>\n\t\t\t\t<\/div>\n\t\t","protected":false},"excerpt":{"rendered":"<p>KNUTSSONS\u00a0TRANSPORTER\u00a0 \u00a0ASPER\u00d6 1 Maj 2025 tog Knutssons \u00f6ver verksamheten som ETW G\u00f6teborg AB tidigare bedrivit p\u00e5 Asper\u00f6. Kontakta g\u00e4rna oss med fr\u00e5gor eller uppdrag p\u00e5 Asper\u00f6. \u00a0 Kontakta oss V\u00e5ra tj\u00e4nster Transport Transporter p\u00e5 \u00f6n F\u00f6rs\u00e4ljning F\u00f6rs\u00e4ljning av bensin till gr\u00e4sklipparen bland annat B\u00e5tupptagning\/sj\u00f6s\u00e4ttning Uthyrning L\u00e4ttare maskiner och annat f\u00f6r uthyrning Alla v\u00e5ra tj\u00e4nster \u00a0 [&hellip;]<\/p>\n","protected":false},"author":1,"featured_media":0,"parent":0,"menu_order":0,"comment_status":"closed","ping_status":"closed","template":"","meta":{"footnotes":""},"class_list":["post-95","page","type-page","status-publish","hentry"],"yoast_head":"<!-- This site is optimized with the Yoast SEO plugin v27.5 - https:\/\/yoast.com\/product\/yoast-seo-wordpress\/ -->\n<title>- Knutssons Skafferi<\/title>\n<meta name=\"robots\" content=\"index, follow, max-snippet:-1, max-image-preview:large, max-video-preview:-1\" \/>\n<link rel=\"canonical\" href=\"https:\/\/knutssonsskafferi.se\/index.php\/elementor-95\/\" \/>\n<meta property=\"og:locale\" content=\"en_US\" \/>\n<meta property=\"og:type\" content=\"article\" \/>\n<meta property=\"og:title\" content=\"- Knutssons Skafferi\" \/>\n<meta property=\"og:description\" content=\"KNUTSSONS\u00a0TRANSPORTER\u00a0 \u00a0ASPER\u00d6 1 Maj 2025 tog Knutssons \u00f6ver verksamheten som ETW G\u00f6teborg AB tidigare bedrivit p\u00e5 Asper\u00f6. Kontakta g\u00e4rna oss med fr\u00e5gor eller uppdrag p\u00e5 Asper\u00f6. \u00a0 Kontakta oss V\u00e5ra tj\u00e4nster Transport Transporter p\u00e5 \u00f6n F\u00f6rs\u00e4ljning F\u00f6rs\u00e4ljning av bensin till gr\u00e4sklipparen bland annat B\u00e5tupptagning\/sj\u00f6s\u00e4ttning Uthyrning L\u00e4ttare maskiner och annat f\u00f6r uthyrning Alla v\u00e5ra tj\u00e4nster \u00a0 [&hellip;]\" \/>\n<meta property=\"og:url\" content=\"https:\/\/knutssonsskafferi.se\/index.php\/elementor-95\/\" \/>\n<meta property=\"og:site_name\" content=\"Knutssons Skafferi\" \/>\n<meta property=\"article:modified_time\" content=\"2026-01-19T17:29:01+00:00\" \/>\n<meta name=\"twitter:card\" content=\"summary_large_image\" \/>\n<meta name=\"twitter:label1\" content=\"Est. reading time\" \/>\n\t<meta name=\"twitter:data1\" content=\"2 minutes\" \/>\n<script type=\"application\/ld+json\" class=\"yoast-schema-graph\">{\"@context\":\"https:\\\/\\\/schema.org\",\"@graph\":[{\"@type\":\"WebPage\",\"@id\":\"https:\\\/\\\/knutssonsskafferi.se\\\/index.php\\\/elementor-95\\\/\",\"url\":\"https:\\\/\\\/knutssonsskafferi.se\\\/index.php\\\/elementor-95\\\/\",\"name\":\"- Knutssons Skafferi\",\"isPartOf\":{\"@id\":\"https:\\\/\\\/knutssonsskafferi.se\\\/#website\"},\"primaryImageOfPage\":{\"@id\":\"https:\\\/\\\/knutssonsskafferi.se\\\/index.php\\\/elementor-95\\\/#primaryimage\"},\"image\":{\"@id\":\"https:\\\/\\\/knutssonsskafferi.se\\\/index.php\\\/elementor-95\\\/#primaryimage\"},\"thumbnailUrl\":\"https:\\\/\\\/knutssonsskafferi.se\\\/wp-content\\\/uploads\\\/2025\\\/02\\\/IMG_9045-1024x768.jpg\",\"datePublished\":\"2025-02-13T18:57:58+00:00\",\"dateModified\":\"2026-01-19T17:29:01+00:00\",\"inLanguage\":\"en-US\",\"potentialAction\":[{\"@type\":\"ReadAction\",\"target\":[\"https:\\\/\\\/knutssonsskafferi.se\\\/index.php\\\/elementor-95\\\/\"]}]},{\"@type\":\"ImageObject\",\"inLanguage\":\"en-US\",\"@id\":\"https:\\\/\\\/knutssonsskafferi.se\\\/index.php\\\/elementor-95\\\/#primaryimage\",\"url\":\"https:\\\/\\\/knutssonsskafferi.se\\\/wp-content\\\/uploads\\\/2025\\\/02\\\/IMG_9045-scaled.jpg\",\"contentUrl\":\"https:\\\/\\\/knutssonsskafferi.se\\\/wp-content\\\/uploads\\\/2025\\\/02\\\/IMG_9045-scaled.jpg\",\"width\":2560,\"height\":1920},{\"@type\":\"WebSite\",\"@id\":\"https:\\\/\\\/knutssonsskafferi.se\\\/#website\",\"url\":\"https:\\\/\\\/knutssonsskafferi.se\\\/\",\"name\":\"Knutssons Skafferi\",\"description\":\"Fr\u00e5n sk\u00e4rg\u00e5rdstransporter till en trevlig fikastund\",\"potentialAction\":[{\"@type\":\"SearchAction\",\"target\":{\"@type\":\"EntryPoint\",\"urlTemplate\":\"https:\\\/\\\/knutssonsskafferi.se\\\/?s={search_term_string}\"},\"query-input\":{\"@type\":\"PropertyValueSpecification\",\"valueRequired\":true,\"valueName\":\"search_term_string\"}}],\"inLanguage\":\"en-US\"}]}<\/script>\n<!-- \/ Yoast SEO plugin. -->","yoast_head_json":{"title":"- Knutssons Skafferi","robots":{"index":"index","follow":"follow","max-snippet":"max-snippet:-1","max-image-preview":"max-image-preview:large","max-video-preview":"max-video-preview:-1"},"canonical":"https:\/\/knutssonsskafferi.se\/index.php\/elementor-95\/","og_locale":"en_US","og_type":"article","og_title":"- Knutssons Skafferi","og_description":"KNUTSSONS\u00a0TRANSPORTER\u00a0 \u00a0ASPER\u00d6 1 Maj 2025 tog Knutssons \u00f6ver verksamheten som ETW G\u00f6teborg AB tidigare bedrivit p\u00e5 Asper\u00f6. Kontakta g\u00e4rna oss med fr\u00e5gor eller uppdrag p\u00e5 Asper\u00f6. \u00a0 Kontakta oss V\u00e5ra tj\u00e4nster Transport Transporter p\u00e5 \u00f6n F\u00f6rs\u00e4ljning F\u00f6rs\u00e4ljning av bensin till gr\u00e4sklipparen bland annat B\u00e5tupptagning\/sj\u00f6s\u00e4ttning Uthyrning L\u00e4ttare maskiner och annat f\u00f6r uthyrning Alla v\u00e5ra tj\u00e4nster \u00a0 [&hellip;]","og_url":"https:\/\/knutssonsskafferi.se\/index.php\/elementor-95\/","og_site_name":"Knutssons Skafferi","article_modified_time":"2026-01-19T17:29:01+00:00","twitter_card":"summary_large_image","twitter_misc":{"Est. reading time":"2 minutes"},"schema":{"@context":"https:\/\/schema.org","@graph":[{"@type":"WebPage","@id":"https:\/\/knutssonsskafferi.se\/index.php\/elementor-95\/","url":"https:\/\/knutssonsskafferi.se\/index.php\/elementor-95\/","name":"- Knutssons Skafferi","isPartOf":{"@id":"https:\/\/knutssonsskafferi.se\/#website"},"primaryImageOfPage":{"@id":"https:\/\/knutssonsskafferi.se\/index.php\/elementor-95\/#primaryimage"},"image":{"@id":"https:\/\/knutssonsskafferi.se\/index.php\/elementor-95\/#primaryimage"},"thumbnailUrl":"https:\/\/knutssonsskafferi.se\/wp-content\/uploads\/2025\/02\/IMG_9045-1024x768.jpg","datePublished":"2025-02-13T18:57:58+00:00","dateModified":"2026-01-19T17:29:01+00:00","inLanguage":"en-US","potentialAction":[{"@type":"ReadAction","target":["https:\/\/knutssonsskafferi.se\/index.php\/elementor-95\/"]}]},{"@type":"ImageObject","inLanguage":"en-US","@id":"https:\/\/knutssonsskafferi.se\/index.php\/elementor-95\/#primaryimage","url":"https:\/\/knutssonsskafferi.se\/wp-content\/uploads\/2025\/02\/IMG_9045-scaled.jpg","contentUrl":"https:\/\/knutssonsskafferi.se\/wp-content\/uploads\/2025\/02\/IMG_9045-scaled.jpg","width":2560,"height":1920},{"@type":"WebSite","@id":"https:\/\/knutssonsskafferi.se\/#website","url":"https:\/\/knutssonsskafferi.se\/","name":"Knutssons Skafferi","description":"Fr\u00e5n sk\u00e4rg\u00e5rdstransporter till en trevlig fikastund","potentialAction":[{"@type":"SearchAction","target":{"@type":"EntryPoint","urlTemplate":"https:\/\/knutssonsskafferi.se\/?s={search_term_string}"},"query-input":{"@type":"PropertyValueSpecification","valueRequired":true,"valueName":"search_term_string"}}],"inLanguage":"en-US"}]}},"_links":{"self":[{"href":"https:\/\/knutssonsskafferi.se\/index.php\/wp-json\/wp\/v2\/pages\/95","targetHints":{"allow":["GET"]}}],"collection":[{"href":"https:\/\/knutssonsskafferi.se\/index.php\/wp-json\/wp\/v2\/pages"}],"about":[{"href":"https:\/\/knutssonsskafferi.se\/index.php\/wp-json\/wp\/v2\/types\/page"}],"author":[{"embeddable":true,"href":"https:\/\/knutssonsskafferi.se\/index.php\/wp-json\/wp\/v2\/users\/1"}],"replies":[{"embeddable":true,"href":"https:\/\/knutssonsskafferi.se\/index.php\/wp-json\/wp\/v2\/comments?post=95"}],"version-history":[{"count":47,"href":"https:\/\/knutssonsskafferi.se\/index.php\/wp-json\/wp\/v2\/pages\/95\/revisions"}],"predecessor-version":[{"id":340,"href":"https:\/\/knutssonsskafferi.se\/index.php\/wp-json\/wp\/v2\/pages\/95\/revisions\/340"}],"wp:attachment":[{"href":"https:\/\/knutssonsskafferi.se\/index.php\/wp-json\/wp\/v2\/media?parent=95"}],"curies":[{"name":"wp","href":"https:\/\/api.w.org\/{rel}","templated":true}]}}