{"id":297,"date":"2025-04-14T15:18:45","date_gmt":"2025-04-14T15:18:45","guid":{"rendered":"https:\/\/knutssonsskafferi.se\/?page_id=297"},"modified":"2026-04-24T18:01:59","modified_gmt":"2026-04-24T18:01:59","slug":"cafe","status":"publish","type":"page","link":"https:\/\/knutssonsskafferi.se\/index.php\/cafe\/","title":{"rendered":""},"content":{"rendered":"\t\t<div data-elementor-type=\"wp-page\" data-elementor-id=\"297\" class=\"elementor elementor-297\">\n\t\t\t\t<div class=\"elementor-element elementor-element-b5b96f0 e-flex e-con-boxed e-con e-parent\" data-id=\"b5b96f0\" data-element_type=\"container\" data-e-type=\"container\">\n\t\t\t\t\t<div class=\"e-con-inner\">\n\t\t\t\t<div class=\"elementor-element elementor-element-2f61404 elementor-widget elementor-widget-heading\" data-id=\"2f61404\" data-element_type=\"widget\" data-e-type=\"widget\" data-widget_type=\"heading.default\">\n\t\t\t\t<div class=\"elementor-widget-container\">\n\t\t\t\t\t<h2 class=\"elementor-heading-title elementor-size-default\">Knutssons Caf\u00e9<\/h2>\t\t\t\t<\/div>\n\t\t\t\t<\/div>\n\t\t\t\t\t<\/div>\n\t\t\t\t<\/div>\n\t\t<div class=\"elementor-element elementor-element-77e1e23 e-flex e-con-boxed e-con e-parent\" data-id=\"77e1e23\" data-element_type=\"container\" data-e-type=\"container\">\n\t\t\t\t\t<div class=\"e-con-inner\">\n\t\t\t\t<div class=\"elementor-element elementor-element-3916b07 elementor-widget elementor-widget-text-editor\" data-id=\"3916b07\" data-element_type=\"widget\" data-e-type=\"widget\" data-widget_type=\"text-editor.default\">\n\t\t\t\t<div class=\"elementor-widget-container\">\n\t\t\t\t\t\t\t\t\t<p>V\u00e4lkomna till Knutssons tr\u00e4dg\u00e5rdscaf\u00e9! Vi \u00e4r familjen Knutsson som f\u00f6rra \u00e5ret \u00f6ppnade caf\u00e9 i v\u00e5r tr\u00e4dg\u00e5rd! Vi serverar allt fr\u00e5n kaffe, glass, r\u00e4ksm\u00f6rg\u00e5sar till glass. \u00a0Vad kan g\u00e5 fel?!\u00a0<\/p><p>Vi \u00e4r bel\u00e4gna p\u00e5 Asper\u00f6, en \u00f6 i G\u00f6teborgs s\u00f6dra sk\u00e4rg\u00e5rd. Ett perfekt utflyktsm\u00e5l i sommar d\u00e4r ni enkelt kan hitta en b\u00e5t fr\u00e5n Saltholmens brygga och ta er ut till v\u00e5r fina sk\u00e4rg\u00e5rd.\u00a0<\/p>\t\t\t\t\t\t\t\t<\/div>\n\t\t\t\t<\/div>\n\t\t\t\t\t<\/div>\n\t\t\t\t<\/div>\n\t\t<div class=\"elementor-element elementor-element-0e8e9a3 e-flex e-con-boxed e-con e-parent\" data-id=\"0e8e9a3\" data-element_type=\"container\" data-e-type=\"container\">\n\t\t\t\t\t<div class=\"e-con-inner\">\n\t\t\t\t<div class=\"elementor-element elementor-element-9790dc0 elementor-widget-divider--view-line elementor-widget elementor-widget-divider\" data-id=\"9790dc0\" data-element_type=\"widget\" data-e-type=\"widget\" data-widget_type=\"divider.default\">\n\t\t\t\t<div class=\"elementor-widget-container\">\n\t\t\t\t\t\t\t<div class=\"elementor-divider\">\n\t\t\t<span class=\"elementor-divider-separator\">\n\t\t\t\t\t\t<\/span>\n\t\t<\/div>\n\t\t\t\t\t\t<\/div>\n\t\t\t\t<\/div>\n\t\t\t\t<div class=\"elementor-element elementor-element-c45b8fb elementor-widget elementor-widget-text-editor\" data-id=\"c45b8fb\" data-element_type=\"widget\" data-e-type=\"widget\" data-widget_type=\"text-editor.default\">\n\t\t\t\t<div class=\"elementor-widget-container\">\n\t\t\t\t\t\t\t\t\t<h2>\u00d6PPETIDER<\/h2>\t\t\t\t\t\t\t\t<\/div>\n\t\t\t\t<\/div>\n\t\t\t\t<div class=\"elementor-element elementor-element-72420eb elementor-widget elementor-widget-text-editor\" data-id=\"72420eb\" data-element_type=\"widget\" data-e-type=\"widget\" data-widget_type=\"text-editor.default\">\n\t\t\t\t<div class=\"elementor-widget-container\">\n\t\t\t\t\t\t\t\t\t<p>L\u00f6rdag 11.00-16.00<\/p><p>S\u00f6ndag 11.00-16.00<\/p><p>\u00a0<\/p><p>I sommar ut\u00f6kar vi v\u00e5ra \u00f6ppettider. Kommer mer info inom kort!<\/p>\t\t\t\t\t\t\t\t<\/div>\n\t\t\t\t<\/div>\n\t\t\t\t\t<\/div>\n\t\t\t\t<\/div>\n\t\t<div class=\"elementor-element elementor-element-141ddb9 e-flex e-con-boxed e-con e-parent\" data-id=\"141ddb9\" data-element_type=\"container\" data-e-type=\"container\">\n\t\t\t\t\t<div class=\"e-con-inner\">\n\t\t\t\t<div class=\"elementor-element elementor-element-00a2efe elementor-widget elementor-widget-image\" data-id=\"00a2efe\" data-element_type=\"widget\" data-e-type=\"widget\" data-widget_type=\"image.default\">\n\t\t\t\t<div class=\"elementor-widget-container\">\n\t\t\t\t\t\t\t\t\t\t\t\t\t\t\t<img fetchpriority=\"high\" decoding=\"async\" width=\"500\" height=\"500\" src=\"https:\/\/knutssonsskafferi.se\/wp-content\/uploads\/2025\/02\/STOR.png\" class=\"attachment-large size-large wp-image-25\" alt=\"\" srcset=\"https:\/\/knutssonsskafferi.se\/wp-content\/uploads\/2025\/02\/STOR.png 500w, https:\/\/knutssonsskafferi.se\/wp-content\/uploads\/2025\/02\/STOR-300x300.png 300w, https:\/\/knutssonsskafferi.se\/wp-content\/uploads\/2025\/02\/STOR-150x150.png 150w\" sizes=\"(max-width: 500px) 100vw, 500px\" \/>\t\t\t\t\t\t\t\t\t\t\t\t\t\t\t<\/div>\n\t\t\t\t<\/div>\n\t\t\t\t\t<\/div>\n\t\t\t\t<\/div>\n\t\t<div class=\"elementor-element elementor-element-d1c31ac e-flex e-con-boxed e-con e-parent\" data-id=\"d1c31ac\" data-element_type=\"container\" data-e-type=\"container\">\n\t\t\t\t\t<div class=\"e-con-inner\">\n\t\t\t\t<div class=\"elementor-element elementor-element-a5cac40 elementor-widget-divider--view-line elementor-widget elementor-widget-divider\" data-id=\"a5cac40\" data-element_type=\"widget\" data-e-type=\"widget\" data-widget_type=\"divider.default\">\n\t\t\t\t<div class=\"elementor-widget-container\">\n\t\t\t\t\t\t\t<div class=\"elementor-divider\">\n\t\t\t<span class=\"elementor-divider-separator\">\n\t\t\t\t\t\t<\/span>\n\t\t<\/div>\n\t\t\t\t\t\t<\/div>\n\t\t\t\t<\/div>\n\t\t\t\t\t<\/div>\n\t\t\t\t<\/div>\n\t\t<div class=\"elementor-element elementor-element-eb490e4 e-flex e-con-boxed e-con e-parent\" data-id=\"eb490e4\" data-element_type=\"container\" data-e-type=\"container\">\n\t\t\t\t\t<div class=\"e-con-inner\">\n\t\t\t\t<div class=\"elementor-element elementor-element-4e4e2e6 elementor-widget elementor-widget-heading\" data-id=\"4e4e2e6\" data-element_type=\"widget\" data-e-type=\"widget\" data-widget_type=\"heading.default\">\n\t\t\t\t<div class=\"elementor-widget-container\">\n\t\t\t\t\t<h2 class=\"elementor-heading-title elementor-size-default\">F\u00f6lj oss p\u00e5 Facebook och Instagram f\u00f6r att h\u00e5lla dig uppdaterad!<\/h2>\t\t\t\t<\/div>\n\t\t\t\t<\/div>\n\t\t\t\t\t<\/div>\n\t\t\t\t<\/div>\n\t\t<div class=\"elementor-element elementor-element-66d5799 e-con-full e-flex e-con e-parent\" data-id=\"66d5799\" data-element_type=\"container\" data-e-type=\"container\">\n\t\t\t\t<div class=\"elementor-element elementor-element-6831b17 elementor-widget elementor-widget-button\" data-id=\"6831b17\" data-element_type=\"widget\" data-e-type=\"widget\" data-widget_type=\"button.default\">\n\t\t\t\t<div class=\"elementor-widget-container\">\n\t\t\t\t\t\t\t\t\t<div class=\"elementor-button-wrapper\">\n\t\t\t\t\t<a class=\"elementor-button elementor-button-link elementor-size-sm\" href=\"\">\n\t\t\t\t\t\t<span class=\"elementor-button-content-wrapper\">\n\t\t\t\t\t\t<span class=\"elementor-button-icon\">\n\t\t\t\t<svg aria-hidden=\"true\" class=\"e-font-icon-svg e-fab-instagram\" viewBox=\"0 0 448 512\" xmlns=\"http:\/\/www.w3.org\/2000\/svg\"><path d=\"M224.1 141c-63.6 0-114.9 51.3-114.9 114.9s51.3 114.9 114.9 114.9S339 319.5 339 255.9 287.7 141 224.1 141zm0 189.6c-41.1 0-74.7-33.5-74.7-74.7s33.5-74.7 74.7-74.7 74.7 33.5 74.7 74.7-33.6 74.7-74.7 74.7zm146.4-194.3c0 14.9-12 26.8-26.8 26.8-14.9 0-26.8-12-26.8-26.8s12-26.8 26.8-26.8 26.8 12 26.8 26.8zm76.1 27.2c-1.7-35.9-9.9-67.7-36.2-93.9-26.2-26.2-58-34.4-93.9-36.2-37-2.1-147.9-2.1-184.9 0-35.8 1.7-67.6 9.9-93.9 36.1s-34.4 58-36.2 93.9c-2.1 37-2.1 147.9 0 184.9 1.7 35.9 9.9 67.7 36.2 93.9s58 34.4 93.9 36.2c37 2.1 147.9 2.1 184.9 0 35.9-1.7 67.7-9.9 93.9-36.2 26.2-26.2 34.4-58 36.2-93.9 2.1-37 2.1-147.8 0-184.8zM398.8 388c-7.8 19.6-22.9 34.7-42.6 42.6-29.5 11.7-99.5 9-132.1 9s-102.7 2.6-132.1-9c-19.6-7.8-34.7-22.9-42.6-42.6-11.7-29.5-9-99.5-9-132.1s-2.6-102.7 9-132.1c7.8-19.6 22.9-34.7 42.6-42.6 29.5-11.7 99.5-9 132.1-9s102.7-2.6 132.1 9c19.6 7.8 34.7 22.9 42.6 42.6 11.7 29.5 9 99.5 9 132.1s2.7 102.7-9 132.1z\"><\/path><\/svg>\t\t\t<\/span>\n\t\t\t\t\t\t\t\t\t<span class=\"elementor-button-text\">knutssonscafe<\/span>\n\t\t\t\t\t<\/span>\n\t\t\t\t\t<\/a>\n\t\t\t\t<\/div>\n\t\t\t\t\t\t\t\t<\/div>\n\t\t\t\t<\/div>\n\t\t\t\t<\/div>\n\t\t<div class=\"elementor-element elementor-element-106d93c e-con-full e-flex e-con e-parent\" data-id=\"106d93c\" data-element_type=\"container\" data-e-type=\"container\">\n\t\t\t\t<div class=\"elementor-element elementor-element-2640c42 elementor-align-center elementor-widget elementor-widget-button\" data-id=\"2640c42\" data-element_type=\"widget\" data-e-type=\"widget\" data-widget_type=\"button.default\">\n\t\t\t\t<div class=\"elementor-widget-container\">\n\t\t\t\t\t\t\t\t\t<div class=\"elementor-button-wrapper\">\n\t\t\t\t\t<a class=\"elementor-button elementor-button-link elementor-size-sm\" href=\"\">\n\t\t\t\t\t\t<span class=\"elementor-button-content-wrapper\">\n\t\t\t\t\t\t<span class=\"elementor-button-icon\">\n\t\t\t\t<svg aria-hidden=\"true\" class=\"e-font-icon-svg e-fab-facebook\" viewBox=\"0 0 512 512\" xmlns=\"http:\/\/www.w3.org\/2000\/svg\"><path d=\"M504 256C504 119 393 8 256 8S8 119 8 256c0 123.78 90.69 226.38 209.25 245V327.69h-63V256h63v-54.64c0-62.15 37-96.48 93.67-96.48 27.14 0 55.52 4.84 55.52 4.84v61h-31.28c-30.8 0-40.41 19.12-40.41 38.73V256h68.78l-11 71.69h-57.78V501C413.31 482.38 504 379.78 504 256z\"><\/path><\/svg>\t\t\t<\/span>\n\t\t\t\t\t\t\t\t\t<span class=\"elementor-button-text\">knutssonscafe<\/span>\n\t\t\t\t\t<\/span>\n\t\t\t\t\t<\/a>\n\t\t\t\t<\/div>\n\t\t\t\t\t\t\t\t<\/div>\n\t\t\t\t<\/div>\n\t\t\t\t<\/div>\n\t\t<div class=\"elementor-element elementor-element-e98fb67 e-flex e-con-boxed e-con e-parent\" data-id=\"e98fb67\" data-element_type=\"container\" data-e-type=\"container\">\n\t\t\t\t\t<div class=\"e-con-inner\">\n\t\t\t\t<div class=\"elementor-element elementor-element-77968a4 elementor-widget elementor-widget-spacer\" data-id=\"77968a4\" data-element_type=\"widget\" data-e-type=\"widget\" data-widget_type=\"spacer.default\">\n\t\t\t\t<div class=\"elementor-widget-container\">\n\t\t\t\t\t\t\t<div class=\"elementor-spacer\">\n\t\t\t<div class=\"elementor-spacer-inner\"><\/div>\n\t\t<\/div>\n\t\t\t\t\t\t<\/div>\n\t\t\t\t<\/div>\n\t\t\t\t\t<\/div>\n\t\t\t\t<\/div>\n\t\t\t\t<\/div>\n\t\t","protected":false},"excerpt":{"rendered":"<p>Knutssons Caf\u00e9 V\u00e4lkomna till Knutssons tr\u00e4dg\u00e5rdscaf\u00e9! Vi \u00e4r familjen Knutsson som f\u00f6rra \u00e5ret \u00f6ppnade caf\u00e9 i v\u00e5r tr\u00e4dg\u00e5rd! Vi serverar allt fr\u00e5n kaffe, glass, r\u00e4ksm\u00f6rg\u00e5sar till glass. \u00a0Vad kan g\u00e5 fel?!\u00a0 Vi \u00e4r bel\u00e4gna p\u00e5 Asper\u00f6, en \u00f6 i G\u00f6teborgs s\u00f6dra sk\u00e4rg\u00e5rd. Ett perfekt utflyktsm\u00e5l i sommar d\u00e4r ni enkelt kan hitta en b\u00e5t fr\u00e5n [&hellip;]<\/p>\n","protected":false},"author":1,"featured_media":0,"parent":0,"menu_order":0,"comment_status":"closed","ping_status":"closed","template":"","meta":{"footnotes":""},"class_list":["post-297","page","type-page","status-publish","hentry"],"yoast_head":"<!-- This site is optimized with the Yoast SEO plugin v27.5 - https:\/\/yoast.com\/product\/yoast-seo-wordpress\/ -->\n<title>- Knutssons Skafferi<\/title>\n<meta name=\"robots\" content=\"index, follow, max-snippet:-1, max-image-preview:large, max-video-preview:-1\" \/>\n<link rel=\"canonical\" href=\"https:\/\/knutssonsskafferi.se\/index.php\/cafe\/\" \/>\n<meta property=\"og:locale\" content=\"en_US\" \/>\n<meta property=\"og:type\" content=\"article\" \/>\n<meta property=\"og:title\" content=\"- Knutssons Skafferi\" \/>\n<meta property=\"og:description\" content=\"Knutssons Caf\u00e9 V\u00e4lkomna till Knutssons tr\u00e4dg\u00e5rdscaf\u00e9! Vi \u00e4r familjen Knutsson som f\u00f6rra \u00e5ret \u00f6ppnade caf\u00e9 i v\u00e5r tr\u00e4dg\u00e5rd! Vi serverar allt fr\u00e5n kaffe, glass, r\u00e4ksm\u00f6rg\u00e5sar till glass. \u00a0Vad kan g\u00e5 fel?!\u00a0 Vi \u00e4r bel\u00e4gna p\u00e5 Asper\u00f6, en \u00f6 i G\u00f6teborgs s\u00f6dra sk\u00e4rg\u00e5rd. Ett perfekt utflyktsm\u00e5l i sommar d\u00e4r ni enkelt kan hitta en b\u00e5t fr\u00e5n [&hellip;]\" \/>\n<meta property=\"og:url\" content=\"https:\/\/knutssonsskafferi.se\/index.php\/cafe\/\" \/>\n<meta property=\"og:site_name\" content=\"Knutssons Skafferi\" \/>\n<meta property=\"article:modified_time\" content=\"2026-04-24T18:01:59+00:00\" \/>\n<meta property=\"og:image\" content=\"https:\/\/knutssonsskafferi.se\/wp-content\/uploads\/2025\/02\/STOR.png\" \/>\n\t<meta property=\"og:image:width\" content=\"500\" \/>\n\t<meta property=\"og:image:height\" content=\"500\" \/>\n\t<meta property=\"og:image:type\" content=\"image\/png\" \/>\n<meta name=\"twitter:card\" content=\"summary_large_image\" \/>\n<meta name=\"twitter:label1\" content=\"Est. reading time\" \/>\n\t<meta name=\"twitter:data1\" content=\"1 minute\" \/>\n<script type=\"application\/ld+json\" class=\"yoast-schema-graph\">{\"@context\":\"https:\\\/\\\/schema.org\",\"@graph\":[{\"@type\":\"WebPage\",\"@id\":\"https:\\\/\\\/knutssonsskafferi.se\\\/index.php\\\/cafe\\\/\",\"url\":\"https:\\\/\\\/knutssonsskafferi.se\\\/index.php\\\/cafe\\\/\",\"name\":\"- Knutssons Skafferi\",\"isPartOf\":{\"@id\":\"https:\\\/\\\/knutssonsskafferi.se\\\/#website\"},\"primaryImageOfPage\":{\"@id\":\"https:\\\/\\\/knutssonsskafferi.se\\\/index.php\\\/cafe\\\/#primaryimage\"},\"image\":{\"@id\":\"https:\\\/\\\/knutssonsskafferi.se\\\/index.php\\\/cafe\\\/#primaryimage\"},\"thumbnailUrl\":\"https:\\\/\\\/knutssonsskafferi.se\\\/wp-content\\\/uploads\\\/2025\\\/02\\\/STOR.png\",\"datePublished\":\"2025-04-14T15:18:45+00:00\",\"dateModified\":\"2026-04-24T18:01:59+00:00\",\"inLanguage\":\"en-US\",\"potentialAction\":[{\"@type\":\"ReadAction\",\"target\":[\"https:\\\/\\\/knutssonsskafferi.se\\\/index.php\\\/cafe\\\/\"]}]},{\"@type\":\"ImageObject\",\"inLanguage\":\"en-US\",\"@id\":\"https:\\\/\\\/knutssonsskafferi.se\\\/index.php\\\/cafe\\\/#primaryimage\",\"url\":\"https:\\\/\\\/knutssonsskafferi.se\\\/wp-content\\\/uploads\\\/2025\\\/02\\\/STOR.png\",\"contentUrl\":\"https:\\\/\\\/knutssonsskafferi.se\\\/wp-content\\\/uploads\\\/2025\\\/02\\\/STOR.png\",\"width\":500,\"height\":500},{\"@type\":\"WebSite\",\"@id\":\"https:\\\/\\\/knutssonsskafferi.se\\\/#website\",\"url\":\"https:\\\/\\\/knutssonsskafferi.se\\\/\",\"name\":\"Knutssons Skafferi\",\"description\":\"Fr\u00e5n sk\u00e4rg\u00e5rdstransporter till en trevlig fikastund\",\"potentialAction\":[{\"@type\":\"SearchAction\",\"target\":{\"@type\":\"EntryPoint\",\"urlTemplate\":\"https:\\\/\\\/knutssonsskafferi.se\\\/?s={search_term_string}\"},\"query-input\":{\"@type\":\"PropertyValueSpecification\",\"valueRequired\":true,\"valueName\":\"search_term_string\"}}],\"inLanguage\":\"en-US\"}]}<\/script>\n<!-- \/ Yoast SEO plugin. -->","yoast_head_json":{"title":"- Knutssons Skafferi","robots":{"index":"index","follow":"follow","max-snippet":"max-snippet:-1","max-image-preview":"max-image-preview:large","max-video-preview":"max-video-preview:-1"},"canonical":"https:\/\/knutssonsskafferi.se\/index.php\/cafe\/","og_locale":"en_US","og_type":"article","og_title":"- Knutssons Skafferi","og_description":"Knutssons Caf\u00e9 V\u00e4lkomna till Knutssons tr\u00e4dg\u00e5rdscaf\u00e9! Vi \u00e4r familjen Knutsson som f\u00f6rra \u00e5ret \u00f6ppnade caf\u00e9 i v\u00e5r tr\u00e4dg\u00e5rd! Vi serverar allt fr\u00e5n kaffe, glass, r\u00e4ksm\u00f6rg\u00e5sar till glass. \u00a0Vad kan g\u00e5 fel?!\u00a0 Vi \u00e4r bel\u00e4gna p\u00e5 Asper\u00f6, en \u00f6 i G\u00f6teborgs s\u00f6dra sk\u00e4rg\u00e5rd. Ett perfekt utflyktsm\u00e5l i sommar d\u00e4r ni enkelt kan hitta en b\u00e5t fr\u00e5n [&hellip;]","og_url":"https:\/\/knutssonsskafferi.se\/index.php\/cafe\/","og_site_name":"Knutssons Skafferi","article_modified_time":"2026-04-24T18:01:59+00:00","og_image":[{"width":500,"height":500,"url":"https:\/\/knutssonsskafferi.se\/wp-content\/uploads\/2025\/02\/STOR.png","type":"image\/png"}],"twitter_card":"summary_large_image","twitter_misc":{"Est. reading time":"1 minute"},"schema":{"@context":"https:\/\/schema.org","@graph":[{"@type":"WebPage","@id":"https:\/\/knutssonsskafferi.se\/index.php\/cafe\/","url":"https:\/\/knutssonsskafferi.se\/index.php\/cafe\/","name":"- Knutssons Skafferi","isPartOf":{"@id":"https:\/\/knutssonsskafferi.se\/#website"},"primaryImageOfPage":{"@id":"https:\/\/knutssonsskafferi.se\/index.php\/cafe\/#primaryimage"},"image":{"@id":"https:\/\/knutssonsskafferi.se\/index.php\/cafe\/#primaryimage"},"thumbnailUrl":"https:\/\/knutssonsskafferi.se\/wp-content\/uploads\/2025\/02\/STOR.png","datePublished":"2025-04-14T15:18:45+00:00","dateModified":"2026-04-24T18:01:59+00:00","inLanguage":"en-US","potentialAction":[{"@type":"ReadAction","target":["https:\/\/knutssonsskafferi.se\/index.php\/cafe\/"]}]},{"@type":"ImageObject","inLanguage":"en-US","@id":"https:\/\/knutssonsskafferi.se\/index.php\/cafe\/#primaryimage","url":"https:\/\/knutssonsskafferi.se\/wp-content\/uploads\/2025\/02\/STOR.png","contentUrl":"https:\/\/knutssonsskafferi.se\/wp-content\/uploads\/2025\/02\/STOR.png","width":500,"height":500},{"@type":"WebSite","@id":"https:\/\/knutssonsskafferi.se\/#website","url":"https:\/\/knutssonsskafferi.se\/","name":"Knutssons Skafferi","description":"Fr\u00e5n sk\u00e4rg\u00e5rdstransporter till en trevlig fikastund","potentialAction":[{"@type":"SearchAction","target":{"@type":"EntryPoint","urlTemplate":"https:\/\/knutssonsskafferi.se\/?s={search_term_string}"},"query-input":{"@type":"PropertyValueSpecification","valueRequired":true,"valueName":"search_term_string"}}],"inLanguage":"en-US"}]}},"_links":{"self":[{"href":"https:\/\/knutssonsskafferi.se\/index.php\/wp-json\/wp\/v2\/pages\/297","targetHints":{"allow":["GET"]}}],"collection":[{"href":"https:\/\/knutssonsskafferi.se\/index.php\/wp-json\/wp\/v2\/pages"}],"about":[{"href":"https:\/\/knutssonsskafferi.se\/index.php\/wp-json\/wp\/v2\/types\/page"}],"author":[{"embeddable":true,"href":"https:\/\/knutssonsskafferi.se\/index.php\/wp-json\/wp\/v2\/users\/1"}],"replies":[{"embeddable":true,"href":"https:\/\/knutssonsskafferi.se\/index.php\/wp-json\/wp\/v2\/comments?post=297"}],"version-history":[{"count":17,"href":"https:\/\/knutssonsskafferi.se\/index.php\/wp-json\/wp\/v2\/pages\/297\/revisions"}],"predecessor-version":[{"id":343,"href":"https:\/\/knutssonsskafferi.se\/index.php\/wp-json\/wp\/v2\/pages\/297\/revisions\/343"}],"wp:attachment":[{"href":"https:\/\/knutssonsskafferi.se\/index.php\/wp-json\/wp\/v2\/media?parent=297"}],"curies":[{"name":"wp","href":"https:\/\/api.w.org\/{rel}","templated":true}]}}