{"id":110,"date":"2025-02-14T11:20:50","date_gmt":"2025-02-14T11:20:50","guid":{"rendered":"https:\/\/knutssonsskafferi.se\/?page_id=110"},"modified":"2025-02-14T18:17:02","modified_gmt":"2025-02-14T18:17:02","slug":"elementor-110","status":"publish","type":"page","link":"https:\/\/knutssonsskafferi.se\/index.php\/elementor-110\/","title":{"rendered":""},"content":{"rendered":"\t\t<div data-elementor-type=\"wp-page\" data-elementor-id=\"110\" class=\"elementor elementor-110\">\n\t\t\t\t<header class=\"elementor-element elementor-element-7090eeae e-con-full e-flex e-con e-parent\" data-id=\"7090eeae\" data-element_type=\"container\" data-e-type=\"container\">\n\t\t<div class=\"elementor-element elementor-element-15c13a67 e-con-full e-flex e-con e-child\" data-id=\"15c13a67\" data-element_type=\"container\" data-e-type=\"container\">\n\t\t\t\t<\/div>\n\t\t<div class=\"elementor-element elementor-element-565ca9c3 e-con-full e-flex e-con e-child\" data-id=\"565ca9c3\" data-element_type=\"container\" data-e-type=\"container\">\n\t\t\t\t<div class=\"elementor-element elementor-element-432ae907 elementor-align-end elementor-icon-list--layout-traditional elementor-list-item-link-full_width elementor-widget elementor-widget-icon-list\" data-id=\"432ae907\" data-element_type=\"widget\" data-e-type=\"widget\" data-widget_type=\"icon-list.default\">\n\t\t\t\t<div class=\"elementor-widget-container\">\n\t\t\t\t\t\t\t<ul class=\"elementor-icon-list-items\">\n\t\t\t\t\t\t\t<li class=\"elementor-icon-list-item\">\n\t\t\t\t\t\t\t\t\t\t<span class=\"elementor-icon-list-text\">xxx- xx xx xx<\/span>\n\t\t\t\t\t\t\t\t\t<\/li>\n\t\t\t\t\t\t<\/ul>\n\t\t\t\t\t\t<\/div>\n\t\t\t\t<\/div>\n\t\t\t\t<\/div>\n\t\t\t\t<\/header>\n\t\t<div class=\"elementor-element elementor-element-4e83ffc3 e-con-full e-flex e-con e-parent\" data-id=\"4e83ffc3\" data-element_type=\"container\" data-e-type=\"container\">\n\t\t<div class=\"elementor-element elementor-element-6a4106b9 e-con-full e-flex e-con e-child\" data-id=\"6a4106b9\" data-element_type=\"container\" data-e-type=\"container\">\n\t\t\t\t<div class=\"elementor-element elementor-element-2cecaf76 elementor-widget elementor-widget-heading\" data-id=\"2cecaf76\" data-element_type=\"widget\" data-e-type=\"widget\" data-widget_type=\"heading.default\">\n\t\t\t\t<div class=\"elementor-widget-container\">\n\t\t\t\t\t<h1 class=\"elementor-heading-title elementor-size-default\">Knutssons<\/h1>\t\t\t\t<\/div>\n\t\t\t\t<\/div>\n\t\t\t\t<div class=\"elementor-element elementor-element-2da4e61a elementor-widget__width-initial elementor-widget elementor-widget-text-editor\" data-id=\"2da4e61a\" data-element_type=\"widget\" data-e-type=\"widget\" data-widget_type=\"text-editor.default\">\n\t\t\t\t<div class=\"elementor-widget-container\">\n\t\t\t\t\t\t\t\t\t<p>Vi jobbar just nu p\u00e5 hemsidan&#8230;<\/p>\t\t\t\t\t\t\t\t<\/div>\n\t\t\t\t<\/div>\n\t\t\t\t<\/div>\n\t\t<div class=\"elementor-element elementor-element-12d9644b e-con-full e-flex e-con e-child\" data-id=\"12d9644b\" data-element_type=\"container\" data-e-type=\"container\">\n\t\t\t\t<div class=\"elementor-element elementor-element-45b3d6a elementor-widget elementor-widget-spacer\" data-id=\"45b3d6a\" data-element_type=\"widget\" data-e-type=\"widget\" data-widget_type=\"spacer.default\">\n\t\t\t\t<div class=\"elementor-widget-container\">\n\t\t\t\t\t\t\t<div class=\"elementor-spacer\">\n\t\t\t<div class=\"elementor-spacer-inner\"><\/div>\n\t\t<\/div>\n\t\t\t\t\t\t<\/div>\n\t\t\t\t<\/div>\n\t\t\t\t<\/div>\n\t\t\t\t<\/div>\n\t\t<div class=\"elementor-element elementor-element-41c1107 e-flex e-con-boxed e-con e-parent\" data-id=\"41c1107\" data-element_type=\"container\" data-e-type=\"container\">\n\t\t\t\t\t<div class=\"e-con-inner\">\n\t\t\t\t\t<\/div>\n\t\t\t\t<\/div>\n\t\t\t\t<\/div>\n\t\t","protected":false},"excerpt":{"rendered":"<p>xxx- xx xx xx Knutssons Vi jobbar just nu p\u00e5 hemsidan&#8230;<\/p>\n","protected":false},"author":1,"featured_media":0,"parent":0,"menu_order":0,"comment_status":"closed","ping_status":"closed","template":"","meta":{"footnotes":""},"class_list":["post-110","page","type-page","status-publish","hentry"],"yoast_head":"<!-- This site is optimized with the Yoast SEO plugin v27.5 - https:\/\/yoast.com\/product\/yoast-seo-wordpress\/ -->\n<title>- Knutssons Skafferi<\/title>\n<meta name=\"robots\" content=\"index, follow, max-snippet:-1, max-image-preview:large, max-video-preview:-1\" \/>\n<link rel=\"canonical\" href=\"https:\/\/knutssonsskafferi.se\/index.php\/elementor-110\/\" \/>\n<meta property=\"og:locale\" content=\"en_US\" \/>\n<meta property=\"og:type\" content=\"article\" \/>\n<meta property=\"og:title\" content=\"- Knutssons Skafferi\" \/>\n<meta property=\"og:description\" content=\"xxx- xx xx xx Knutssons Vi jobbar just nu p\u00e5 hemsidan&#8230;\" \/>\n<meta property=\"og:url\" content=\"https:\/\/knutssonsskafferi.se\/index.php\/elementor-110\/\" \/>\n<meta property=\"og:site_name\" content=\"Knutssons Skafferi\" \/>\n<meta property=\"article:modified_time\" content=\"2025-02-14T18:17:02+00:00\" \/>\n<meta name=\"twitter:card\" content=\"summary_large_image\" \/>\n<meta name=\"twitter:label1\" content=\"Est. reading time\" \/>\n\t<meta name=\"twitter:data1\" content=\"1 minute\" \/>\n<script type=\"application\/ld+json\" class=\"yoast-schema-graph\">{\"@context\":\"https:\\\/\\\/schema.org\",\"@graph\":[{\"@type\":\"WebPage\",\"@id\":\"https:\\\/\\\/knutssonsskafferi.se\\\/index.php\\\/elementor-110\\\/\",\"url\":\"https:\\\/\\\/knutssonsskafferi.se\\\/index.php\\\/elementor-110\\\/\",\"name\":\"- Knutssons Skafferi\",\"isPartOf\":{\"@id\":\"https:\\\/\\\/knutssonsskafferi.se\\\/#website\"},\"datePublished\":\"2025-02-14T11:20:50+00:00\",\"dateModified\":\"2025-02-14T18:17:02+00:00\",\"inLanguage\":\"en-US\",\"potentialAction\":[{\"@type\":\"ReadAction\",\"target\":[\"https:\\\/\\\/knutssonsskafferi.se\\\/index.php\\\/elementor-110\\\/\"]}]},{\"@type\":\"WebSite\",\"@id\":\"https:\\\/\\\/knutssonsskafferi.se\\\/#website\",\"url\":\"https:\\\/\\\/knutssonsskafferi.se\\\/\",\"name\":\"Knutssons Skafferi\",\"description\":\"Fr\u00e5n sk\u00e4rg\u00e5rdstransporter till en trevlig fikastund\",\"potentialAction\":[{\"@type\":\"SearchAction\",\"target\":{\"@type\":\"EntryPoint\",\"urlTemplate\":\"https:\\\/\\\/knutssonsskafferi.se\\\/?s={search_term_string}\"},\"query-input\":{\"@type\":\"PropertyValueSpecification\",\"valueRequired\":true,\"valueName\":\"search_term_string\"}}],\"inLanguage\":\"en-US\"}]}<\/script>\n<!-- \/ Yoast SEO plugin. -->","yoast_head_json":{"title":"- Knutssons Skafferi","robots":{"index":"index","follow":"follow","max-snippet":"max-snippet:-1","max-image-preview":"max-image-preview:large","max-video-preview":"max-video-preview:-1"},"canonical":"https:\/\/knutssonsskafferi.se\/index.php\/elementor-110\/","og_locale":"en_US","og_type":"article","og_title":"- Knutssons Skafferi","og_description":"xxx- xx xx xx Knutssons Vi jobbar just nu p\u00e5 hemsidan&#8230;","og_url":"https:\/\/knutssonsskafferi.se\/index.php\/elementor-110\/","og_site_name":"Knutssons Skafferi","article_modified_time":"2025-02-14T18:17:02+00:00","twitter_card":"summary_large_image","twitter_misc":{"Est. reading time":"1 minute"},"schema":{"@context":"https:\/\/schema.org","@graph":[{"@type":"WebPage","@id":"https:\/\/knutssonsskafferi.se\/index.php\/elementor-110\/","url":"https:\/\/knutssonsskafferi.se\/index.php\/elementor-110\/","name":"- Knutssons Skafferi","isPartOf":{"@id":"https:\/\/knutssonsskafferi.se\/#website"},"datePublished":"2025-02-14T11:20:50+00:00","dateModified":"2025-02-14T18:17:02+00:00","inLanguage":"en-US","potentialAction":[{"@type":"ReadAction","target":["https:\/\/knutssonsskafferi.se\/index.php\/elementor-110\/"]}]},{"@type":"WebSite","@id":"https:\/\/knutssonsskafferi.se\/#website","url":"https:\/\/knutssonsskafferi.se\/","name":"Knutssons Skafferi","description":"Fr\u00e5n sk\u00e4rg\u00e5rdstransporter till en trevlig fikastund","potentialAction":[{"@type":"SearchAction","target":{"@type":"EntryPoint","urlTemplate":"https:\/\/knutssonsskafferi.se\/?s={search_term_string}"},"query-input":{"@type":"PropertyValueSpecification","valueRequired":true,"valueName":"search_term_string"}}],"inLanguage":"en-US"}]}},"_links":{"self":[{"href":"https:\/\/knutssonsskafferi.se\/index.php\/wp-json\/wp\/v2\/pages\/110","targetHints":{"allow":["GET"]}}],"collection":[{"href":"https:\/\/knutssonsskafferi.se\/index.php\/wp-json\/wp\/v2\/pages"}],"about":[{"href":"https:\/\/knutssonsskafferi.se\/index.php\/wp-json\/wp\/v2\/types\/page"}],"author":[{"embeddable":true,"href":"https:\/\/knutssonsskafferi.se\/index.php\/wp-json\/wp\/v2\/users\/1"}],"replies":[{"embeddable":true,"href":"https:\/\/knutssonsskafferi.se\/index.php\/wp-json\/wp\/v2\/comments?post=110"}],"version-history":[{"count":21,"href":"https:\/\/knutssonsskafferi.se\/index.php\/wp-json\/wp\/v2\/pages\/110\/revisions"}],"predecessor-version":[{"id":197,"href":"https:\/\/knutssonsskafferi.se\/index.php\/wp-json\/wp\/v2\/pages\/110\/revisions\/197"}],"wp:attachment":[{"href":"https:\/\/knutssonsskafferi.se\/index.php\/wp-json\/wp\/v2\/media?parent=110"}],"curies":[{"name":"wp","href":"https:\/\/api.w.org\/{rel}","templated":true}]}}